{"id":3602,"date":"2022-12-17T16:27:40","date_gmt":"2022-12-17T14:27:40","guid":{"rendered":"https:\/\/empwrd.healthylab.ro\/my-account-2\/"},"modified":"2023-01-13T14:23:42","modified_gmt":"2023-01-13T12:23:42","slug":"my-account-2","status":"publish","type":"page","link":"https:\/\/empwrd.healthylab.ro\/en\/my-account-2\/","title":{"rendered":"My Account"},"content":{"rendered":"\t\t<div data-elementor-type=\"wp-page\" data-elementor-id=\"3602\" class=\"elementor elementor-3602 elementor-3083\" data-elementor-post-type=\"page\">\n\t\t\t\t\t\t<section class=\"elementor-section elementor-top-section elementor-element elementor-element-ab28819 elementor-section-boxed elementor-section-height-default elementor-section-height-default\" data-id=\"ab28819\" data-element_type=\"section\">\n\t\t\t\t\t\t<div class=\"elementor-container elementor-column-gap-default\">\n\t\t\t\t\t<div class=\"elementor-column elementor-col-100 elementor-top-column elementor-element elementor-element-40d2124\" data-id=\"40d2124\" data-element_type=\"column\">\n\t\t\t<div class=\"elementor-widget-wrap elementor-element-populated\">\n\t\t\t\t\t\t<div class=\"elementor-element elementor-element-fe9b5fa e-my-account-tabs-vertical elementor-widget elementor-widget-woocommerce-my-account\" data-id=\"fe9b5fa\" data-element_type=\"widget\" data-widget_type=\"woocommerce-my-account.default\">\n\t\t\t\t<div class=\"elementor-widget-container\">\n\t\t\t<link rel=\"stylesheet\" href=\"https:\/\/empwrd.healthylab.ro\/wp-content\/plugins\/elementor-pro\/assets\/css\/widget-woocommerce.min.css\"><div class=\"e-my-account-tab e-my-account-tab__ \">\t\t\t<span class=\"elementor-hidden\">[woocommerce_my_account]<\/span>\n\t\t\t<div class=\"woocommerce\"><\/div>\t\t<\/div>\n\t\t\t\t<\/div>\n\t\t\t\t<\/div>\n\t\t\t\t\t<\/div>\n\t\t<\/div>\n\t\t\t\t\t<\/div>\n\t\t<\/section>\n\t\t\t\t<\/div>\n\t\t","protected":false},"excerpt":{"rendered":"<p>Dashboard Orders Downloads Addresses Account Details Logout Bun\u0103 razvan (nu e\u0219ti razvan? Dezautentific\u0103-te) \u00cen panoul de control al contului t\u0103u po\u021bi s\u0103-\u021bi vezi comenzile recente, s\u0103-\u021bi administrezi adresele de livrare \u0219i de facturare \u0219i s\u0103-\u021bi editezi parola \u0219i detaliile contului.<\/p>\n","protected":false},"author":1,"featured_media":0,"parent":0,"menu_order":11,"comment_status":"closed","ping_status":"closed","template":"","meta":{"_acf_changed":false,"footnotes":""},"class_list":["post-3602","page","type-page","status-publish","hentry"],"acf":[],"yoast_head":"<!-- This site is optimized with the Yoast SEO plugin v22.2 - https:\/\/yoast.com\/wordpress\/plugins\/seo\/ -->\n<title>My Account - Healthylab<\/title>\n<meta name=\"robots\" content=\"index, follow, max-snippet:-1, max-image-preview:large, max-video-preview:-1\" \/>\n<link rel=\"canonical\" href=\"https:\/\/empwrd.healthylab.ro\/en\/my-account-2\/\" \/>\n<meta property=\"og:locale\" content=\"en_US\" \/>\n<meta property=\"og:type\" content=\"article\" \/>\n<meta property=\"og:title\" content=\"My Account - Healthylab\" \/>\n<meta property=\"og:description\" content=\"Dashboard Orders Downloads Addresses Account Details Logout Bun\u0103 razvan (nu e\u0219ti razvan? Dezautentific\u0103-te) \u00cen panoul de control al contului t\u0103u po\u021bi s\u0103-\u021bi vezi comenzile recente, s\u0103-\u021bi administrezi adresele de livrare \u0219i de facturare \u0219i s\u0103-\u021bi editezi parola \u0219i detaliile contului.\" \/>\n<meta property=\"og:url\" content=\"https:\/\/empwrd.healthylab.ro\/en\/my-account-2\/\" \/>\n<meta property=\"og:site_name\" content=\"Healthylab\" \/>\n<meta property=\"article:modified_time\" content=\"2023-01-13T12:23:42+00:00\" \/>\n<meta name=\"twitter:card\" content=\"summary_large_image\" \/>\n<script type=\"application\/ld+json\" class=\"yoast-schema-graph\">{\"@context\":\"https:\/\/schema.org\",\"@graph\":[{\"@type\":\"WebPage\",\"@id\":\"https:\/\/empwrd.healthylab.ro\/en\/my-account-2\/\",\"url\":\"https:\/\/empwrd.healthylab.ro\/en\/my-account-2\/\",\"name\":\"My Account - Healthylab\",\"isPartOf\":{\"@id\":\"https:\/\/empwrd.healthylab.ro\/en\/#website\"},\"datePublished\":\"2022-12-17T14:27:40+00:00\",\"dateModified\":\"2023-01-13T12:23:42+00:00\",\"breadcrumb\":{\"@id\":\"https:\/\/empwrd.healthylab.ro\/en\/my-account-2\/#breadcrumb\"},\"inLanguage\":\"en-US\",\"potentialAction\":[{\"@type\":\"ReadAction\",\"target\":[\"https:\/\/empwrd.healthylab.ro\/en\/my-account-2\/\"]}]},{\"@type\":\"BreadcrumbList\",\"@id\":\"https:\/\/empwrd.healthylab.ro\/en\/my-account-2\/#breadcrumb\",\"itemListElement\":[{\"@type\":\"ListItem\",\"position\":1,\"name\":\"Home\",\"item\":\"https:\/\/empwrd.healthylab.ro\/en\/\"},{\"@type\":\"ListItem\",\"position\":2,\"name\":\"My Account\"}]},{\"@type\":\"WebSite\",\"@id\":\"https:\/\/empwrd.healthylab.ro\/en\/#website\",\"url\":\"https:\/\/empwrd.healthylab.ro\/en\/\",\"name\":\"Healthylab\",\"description\":\"My WordPress Blog\",\"publisher\":{\"@id\":\"https:\/\/empwrd.healthylab.ro\/en\/#organization\"},\"potentialAction\":[{\"@type\":\"SearchAction\",\"target\":{\"@type\":\"EntryPoint\",\"urlTemplate\":\"https:\/\/empwrd.healthylab.ro\/en\/?s={search_term_string}\"},\"query-input\":\"required name=search_term_string\"}],\"inLanguage\":\"en-US\"},{\"@type\":\"Organization\",\"@id\":\"https:\/\/empwrd.healthylab.ro\/en\/#organization\",\"name\":\"Healthylab\",\"url\":\"https:\/\/empwrd.healthylab.ro\/en\/\",\"logo\":{\"@type\":\"ImageObject\",\"inLanguage\":\"en-US\",\"@id\":\"https:\/\/empwrd.healthylab.ro\/en\/#\/schema\/logo\/image\/\",\"url\":\"https:\/\/empwrd.healthylab.ro\/wp-content\/uploads\/2022\/08\/logo-healthylab.svg\",\"contentUrl\":\"https:\/\/empwrd.healthylab.ro\/wp-content\/uploads\/2022\/08\/logo-healthylab.svg\",\"width\":360,\"height\":100,\"caption\":\"Healthylab\"},\"image\":{\"@id\":\"https:\/\/empwrd.healthylab.ro\/en\/#\/schema\/logo\/image\/\"}}]}<\/script>\n<!-- \/ Yoast SEO plugin. -->","yoast_head_json":{"title":"My Account - Healthylab","robots":{"index":"index","follow":"follow","max-snippet":"max-snippet:-1","max-image-preview":"max-image-preview:large","max-video-preview":"max-video-preview:-1"},"canonical":"https:\/\/empwrd.healthylab.ro\/en\/my-account-2\/","og_locale":"en_US","og_type":"article","og_title":"My Account - Healthylab","og_description":"Dashboard Orders Downloads Addresses Account Details Logout Bun\u0103 razvan (nu e\u0219ti razvan? Dezautentific\u0103-te) \u00cen panoul de control al contului t\u0103u po\u021bi s\u0103-\u021bi vezi comenzile recente, s\u0103-\u021bi administrezi adresele de livrare \u0219i de facturare \u0219i s\u0103-\u021bi editezi parola \u0219i detaliile contului.","og_url":"https:\/\/empwrd.healthylab.ro\/en\/my-account-2\/","og_site_name":"Healthylab","article_modified_time":"2023-01-13T12:23:42+00:00","twitter_card":"summary_large_image","schema":{"@context":"https:\/\/schema.org","@graph":[{"@type":"WebPage","@id":"https:\/\/empwrd.healthylab.ro\/en\/my-account-2\/","url":"https:\/\/empwrd.healthylab.ro\/en\/my-account-2\/","name":"My Account - Healthylab","isPartOf":{"@id":"https:\/\/empwrd.healthylab.ro\/en\/#website"},"datePublished":"2022-12-17T14:27:40+00:00","dateModified":"2023-01-13T12:23:42+00:00","breadcrumb":{"@id":"https:\/\/empwrd.healthylab.ro\/en\/my-account-2\/#breadcrumb"},"inLanguage":"en-US","potentialAction":[{"@type":"ReadAction","target":["https:\/\/empwrd.healthylab.ro\/en\/my-account-2\/"]}]},{"@type":"BreadcrumbList","@id":"https:\/\/empwrd.healthylab.ro\/en\/my-account-2\/#breadcrumb","itemListElement":[{"@type":"ListItem","position":1,"name":"Home","item":"https:\/\/empwrd.healthylab.ro\/en\/"},{"@type":"ListItem","position":2,"name":"My Account"}]},{"@type":"WebSite","@id":"https:\/\/empwrd.healthylab.ro\/en\/#website","url":"https:\/\/empwrd.healthylab.ro\/en\/","name":"Healthylab","description":"My WordPress Blog","publisher":{"@id":"https:\/\/empwrd.healthylab.ro\/en\/#organization"},"potentialAction":[{"@type":"SearchAction","target":{"@type":"EntryPoint","urlTemplate":"https:\/\/empwrd.healthylab.ro\/en\/?s={search_term_string}"},"query-input":"required name=search_term_string"}],"inLanguage":"en-US"},{"@type":"Organization","@id":"https:\/\/empwrd.healthylab.ro\/en\/#organization","name":"Healthylab","url":"https:\/\/empwrd.healthylab.ro\/en\/","logo":{"@type":"ImageObject","inLanguage":"en-US","@id":"https:\/\/empwrd.healthylab.ro\/en\/#\/schema\/logo\/image\/","url":"https:\/\/empwrd.healthylab.ro\/wp-content\/uploads\/2022\/08\/logo-healthylab.svg","contentUrl":"https:\/\/empwrd.healthylab.ro\/wp-content\/uploads\/2022\/08\/logo-healthylab.svg","width":360,"height":100,"caption":"Healthylab"},"image":{"@id":"https:\/\/empwrd.healthylab.ro\/en\/#\/schema\/logo\/image\/"}}]}},"_links":{"self":[{"href":"https:\/\/empwrd.healthylab.ro\/en\/wp-json\/wp\/v2\/pages\/3602","targetHints":{"allow":["GET"]}}],"collection":[{"href":"https:\/\/empwrd.healthylab.ro\/en\/wp-json\/wp\/v2\/pages"}],"about":[{"href":"https:\/\/empwrd.healthylab.ro\/en\/wp-json\/wp\/v2\/types\/page"}],"author":[{"embeddable":true,"href":"https:\/\/empwrd.healthylab.ro\/en\/wp-json\/wp\/v2\/users\/1"}],"replies":[{"embeddable":true,"href":"https:\/\/empwrd.healthylab.ro\/en\/wp-json\/wp\/v2\/comments?post=3602"}],"version-history":[{"count":0,"href":"https:\/\/empwrd.healthylab.ro\/en\/wp-json\/wp\/v2\/pages\/3602\/revisions"}],"wp:attachment":[{"href":"https:\/\/empwrd.healthylab.ro\/en\/wp-json\/wp\/v2\/media?parent=3602"}],"curies":[{"name":"wp","href":"https:\/\/api.w.org\/{rel}","templated":true}]}}